{"id":110,"date":"2012-01-01T19:22:33","date_gmt":"2012-01-01T19:22:33","guid":{"rendered":"http:\/\/juergen.voja.net\/wordpress\/?page_id=110"},"modified":"2021-05-16T16:34:49","modified_gmt":"2021-05-16T16:34:49","slug":"messgerate","status":"publish","type":"page","link":"https:\/\/juergen.voja.net\/wordpress\/?page_id=110","title":{"rendered":"Messger\u00e4te"},"content":{"rendered":"<p><a href=\"https:\/\/juergen.voja.net\/wordpress\/wp-content\/uploads\/Messgeraet.jpg\"><img loading=\"lazy\" decoding=\"async\" class=\"alignnone size-full wp-image-239\" title=\"Messgeraet\" src=\"https:\/\/juergen.voja.net\/wordpress\/wp-content\/uploads\/Messgeraet.jpg\" alt=\"\" width=\"320\" height=\"200\" srcset=\"https:\/\/juergen.voja.net\/wordpress\/wp-content\/uploads\/Messgeraet.jpg 320w, https:\/\/juergen.voja.net\/wordpress\/wp-content\/uploads\/Messgeraet-300x187.jpg 300w\" sizes=\"(max-width: 320px) 100vw, 320px\" \/><\/a><\/p>\n<p>F\u00fcr meinen Selbstbau habe ich einige Messger\u00e4te zur Verf\u00fcgung.<\/p>\n<p>Mehrere HAMEG Oszi&#8217;s, Tektronix 465, Funkamateur NWT mit Spektrumanalyser und D\u00e4mpfungsglied, Frequenzz\u00e4hler bis 2 GHz, mehrere Multimeter, National AM\/FM Signalgenerator VP-8178B 0,1-30 MHz und 75-110 MHz.<\/p>\n<p>Neuerdings einen NANOVNA F und einen Tiny-Spektrumanalyser.<\/p>\n<p>&nbsp;<\/p>\n<p>HP141 HP855A HP8552B und Wiltron Networkanalyser 640<\/p>\n<p><a href=\"https:\/\/juergen.voja.net\/wordpress\/wp-content\/uploads\/K1600_IMGP1951.jpg\"><img loading=\"lazy\" decoding=\"async\" class=\"alignnone size-medium wp-image-112\" title=\"K1600_IMGP1951\" src=\"https:\/\/juergen.voja.net\/wordpress\/wp-content\/uploads\/K1600_IMGP1951-225x300.jpg\" alt=\"\" width=\"225\" height=\"300\" srcset=\"https:\/\/juergen.voja.net\/wordpress\/wp-content\/uploads\/K1600_IMGP1951-225x300.jpg 225w, https:\/\/juergen.voja.net\/wordpress\/wp-content\/uploads\/K1600_IMGP1951-768x1024.jpg 768w, https:\/\/juergen.voja.net\/wordpress\/wp-content\/uploads\/K1600_IMGP1951.jpg 1200w\" sizes=\"(max-width: 225px) 100vw, 225px\" \/><\/a>H<\/p>\n","protected":false},"excerpt":{"rendered":"<p>F\u00fcr meinen Selbstbau habe ich einige Messger\u00e4te zur Verf\u00fcgung. Mehrere HAMEG Oszi&#8217;s, Tektronix 465, Funkamateur NWT mit Spektrumanalyser und D\u00e4mpfungsglied, Frequenzz\u00e4hler bis 2 GHz, mehrere Multimeter, National AM\/FM Signalgenerator VP-8178B 0,1-30 MHz und 75-110 MHz. Neuerdings einen NANOVNA F und &hellip; <a href=\"https:\/\/juergen.voja.net\/wordpress\/?page_id=110\">Weiterlesen <span class=\"meta-nav\">&rarr;<\/span><\/a><\/p>\n","protected":false},"author":1,"featured_media":239,"parent":0,"menu_order":5,"comment_status":"closed","ping_status":"closed","template":"","meta":{"footnotes":"","_links_to":"","_links_to_target":""},"class_list":["post-110","page","type-page","status-publish","has-post-thumbnail","hentry"],"_links":{"self":[{"href":"https:\/\/juergen.voja.net\/wordpress\/index.php?rest_route=\/wp\/v2\/pages\/110"}],"collection":[{"href":"https:\/\/juergen.voja.net\/wordpress\/index.php?rest_route=\/wp\/v2\/pages"}],"about":[{"href":"https:\/\/juergen.voja.net\/wordpress\/index.php?rest_route=\/wp\/v2\/types\/page"}],"author":[{"embeddable":true,"href":"https:\/\/juergen.voja.net\/wordpress\/index.php?rest_route=\/wp\/v2\/users\/1"}],"replies":[{"embeddable":true,"href":"https:\/\/juergen.voja.net\/wordpress\/index.php?rest_route=%2Fwp%2Fv2%2Fcomments&post=110"}],"version-history":[{"count":13,"href":"https:\/\/juergen.voja.net\/wordpress\/index.php?rest_route=\/wp\/v2\/pages\/110\/revisions"}],"predecessor-version":[{"id":874,"href":"https:\/\/juergen.voja.net\/wordpress\/index.php?rest_route=\/wp\/v2\/pages\/110\/revisions\/874"}],"wp:featuredmedia":[{"embeddable":true,"href":"https:\/\/juergen.voja.net\/wordpress\/index.php?rest_route=\/wp\/v2\/media\/239"}],"wp:attachment":[{"href":"https:\/\/juergen.voja.net\/wordpress\/index.php?rest_route=%2Fwp%2Fv2%2Fmedia&parent=110"}],"curies":[{"name":"wp","href":"https:\/\/api.w.org\/{rel}","templated":true}]}}