{"id":2,"date":"2011-12-31T12:21:50","date_gmt":"2011-12-31T12:21:50","guid":{"rendered":"http:\/\/juergen.voja.net\/wordpress\/?page_id=2"},"modified":"2020-07-11T21:16:22","modified_gmt":"2020-07-11T21:16:22","slug":"beispiel-seite","status":"publish","type":"page","link":"https:\/\/juergen.voja.net\/wordpress\/?page_id=2","title":{"rendered":"Selbstbau"},"content":{"rendered":"<p>Zur Zeit baue ich den SOLF Transceiver<\/p>\n<p>Am 24.12.2011 kam das P\u00e4ckchen an.<\/p>\n<div id=\"attachment_24\" style=\"width: 310px\" class=\"wp-caption alignnone\"><a href=\"https:\/\/juergen.voja.net\/wordpress\/wp-content\/uploads\/IMGP3494.jpg\"><img loading=\"lazy\" decoding=\"async\" aria-describedby=\"caption-attachment-24\" class=\"size-medium wp-image-24\" title=\"Der Solf\" alt=\"\" src=\"https:\/\/juergen.voja.net\/wordpress\/wp-content\/uploads\/IMGP3494-300x225.jpg\" width=\"300\" height=\"225\" srcset=\"https:\/\/juergen.voja.net\/wordpress\/wp-content\/uploads\/IMGP3494-300x225.jpg 300w, https:\/\/juergen.voja.net\/wordpress\/wp-content\/uploads\/IMGP3494.jpg 1024w\" sizes=\"(max-width: 300px) 100vw, 300px\" \/><\/a><p id=\"caption-attachment-24\" class=\"wp-caption-text\">Ein Puzzle?<\/p><\/div>\n<p>Dann noch die Bauteile sortieren und nachz\u00e4hlen.<\/p>\n<p><a href=\"https:\/\/juergen.voja.net\/wordpress\/wp-content\/uploads\/K1600_Sort010.jpg\"><img loading=\"lazy\" decoding=\"async\" class=\"alignnone size-medium wp-image-88\" title=\"K1600_Sort010\" alt=\"\" src=\"https:\/\/juergen.voja.net\/wordpress\/wp-content\/uploads\/K1600_Sort010-300x200.jpg\" width=\"300\" height=\"200\" srcset=\"https:\/\/juergen.voja.net\/wordpress\/wp-content\/uploads\/K1600_Sort010-300x200.jpg 300w, https:\/\/juergen.voja.net\/wordpress\/wp-content\/uploads\/K1600_Sort010-1024x682.jpg 1024w, https:\/\/juergen.voja.net\/wordpress\/wp-content\/uploads\/K1600_Sort010.jpg 1500w\" sizes=\"(max-width: 300px) 100vw, 300px\" \/><\/a><\/p>\n<p>Dann konnte gel\u00f6tet werden. Zuerst die SMD Bauteile und dann Baugruppe 1.<\/p>\n\n\t\t<style type=\"text\/css\">\n\t\t\t#gallery-1 {\n\t\t\t\tmargin: auto;\n\t\t\t}\n\t\t\t#gallery-1 .gallery-item {\n\t\t\t\tfloat: left;\n\t\t\t\tmargin-top: 10px;\n\t\t\t\ttext-align: center;\n\t\t\t\twidth: 50%;\n\t\t\t}\n\t\t\t#gallery-1 img {\n\t\t\t\tborder: 2px solid #cfcfcf;\n\t\t\t}\n\t\t\t#gallery-1 .gallery-caption {\n\t\t\t\tmargin-left: 0;\n\t\t\t}\n\t\t\t\/* see gallery_shortcode() in wp-includes\/media.php *\/\n\t\t<\/style>\n\t\t<div id='gallery-1' class='gallery galleryid-2 gallery-columns-2 gallery-size-thumbnail'><dl class='gallery-item'>\n\t\t\t<dt class='gallery-icon landscape'>\n\t\t\t\t<a href='https:\/\/juergen.voja.net\/wordpress\/wp-content\/uploads\/IMGP3494.jpg'><img loading=\"lazy\" decoding=\"async\" width=\"150\" height=\"150\" src=\"https:\/\/juergen.voja.net\/wordpress\/wp-content\/uploads\/IMGP3494-150x150.jpg\" class=\"attachment-thumbnail size-thumbnail\" alt=\"\" aria-describedby=\"gallery-1-24\" \/><\/a>\n\t\t\t<\/dt>\n\t\t\t\t<dd class='wp-caption-text gallery-caption' id='gallery-1-24'>\n\t\t\t\tEin Puzzle?\n\t\t\t\t<\/dd><\/dl><dl class='gallery-item'>\n\t\t\t<dt class='gallery-icon landscape'>\n\t\t\t\t<a href='https:\/\/juergen.voja.net\/wordpress\/wp-content\/uploads\/K1600_Sort010.jpg'><img loading=\"lazy\" decoding=\"async\" width=\"150\" height=\"150\" src=\"https:\/\/juergen.voja.net\/wordpress\/wp-content\/uploads\/K1600_Sort010-150x150.jpg\" class=\"attachment-thumbnail size-thumbnail\" alt=\"\" \/><\/a>\n\t\t\t<\/dt><\/dl><br style=\"clear: both\" \/><dl class='gallery-item'>\n\t\t\t<dt class='gallery-icon landscape'>\n\t\t\t\t<a href='https:\/\/juergen.voja.net\/wordpress\/wp-content\/uploads\/K1600_Quad-014.jpg'><img loading=\"lazy\" decoding=\"async\" width=\"150\" height=\"150\" src=\"https:\/\/juergen.voja.net\/wordpress\/wp-content\/uploads\/K1600_Quad-014-150x150.jpg\" class=\"attachment-thumbnail size-thumbnail\" alt=\"\" \/><\/a>\n\t\t\t<\/dt><\/dl><dl class='gallery-item'>\n\t\t\t<dt class='gallery-icon landscape'>\n\t\t\t\t<a href='https:\/\/juergen.voja.net\/wordpress\/wp-content\/uploads\/K1600_Quad-022.jpg'><img loading=\"lazy\" decoding=\"async\" width=\"150\" height=\"150\" src=\"https:\/\/juergen.voja.net\/wordpress\/wp-content\/uploads\/K1600_Quad-022-150x150.jpg\" class=\"attachment-thumbnail size-thumbnail\" alt=\"\" \/><\/a>\n\t\t\t<\/dt><\/dl><br style=\"clear: both\" \/><dl class='gallery-item'>\n\t\t\t<dt class='gallery-icon landscape'>\n\t\t\t\t<a href='https:\/\/juergen.voja.net\/wordpress\/wp-content\/uploads\/K1600_Quad-024.jpg'><img loading=\"lazy\" decoding=\"async\" width=\"150\" height=\"150\" src=\"https:\/\/juergen.voja.net\/wordpress\/wp-content\/uploads\/K1600_Quad-024-150x150.jpg\" class=\"attachment-thumbnail size-thumbnail\" alt=\"\" \/><\/a>\n\t\t\t<\/dt><\/dl><dl class='gallery-item'>\n\t\t\t<dt class='gallery-icon landscape'>\n\t\t\t\t<a href='https:\/\/juergen.voja.net\/wordpress\/wp-content\/uploads\/K1600_Quad-027.jpg'><img loading=\"lazy\" decoding=\"async\" width=\"150\" height=\"150\" src=\"https:\/\/juergen.voja.net\/wordpress\/wp-content\/uploads\/K1600_Quad-027-150x150.jpg\" class=\"attachment-thumbnail size-thumbnail\" alt=\"\" \/><\/a>\n\t\t\t<\/dt><\/dl><br style=\"clear: both\" \/><dl class='gallery-item'>\n\t\t\t<dt class='gallery-icon landscape'>\n\t\t\t\t<a href='https:\/\/juergen.voja.net\/wordpress\/wp-content\/uploads\/Baugruppe-2-004-SL.jpg'><img loading=\"lazy\" decoding=\"async\" width=\"150\" height=\"150\" src=\"https:\/\/juergen.voja.net\/wordpress\/wp-content\/uploads\/Baugruppe-2-004-SL-150x150.jpg\" class=\"attachment-thumbnail size-thumbnail\" alt=\"\" \/><\/a>\n\t\t\t<\/dt><\/dl>\n\t\t\t<br style='clear: both' \/>\n\t\t<\/div>\n\n<p>&nbsp;<\/p>\n<p>Nun ist er fertig.<\/p>\n<p><a href=\"https:\/\/juergen.voja.net\/wordpress\/?attachment_id=440\" rel=\"attachment wp-att-440\"><img loading=\"lazy\" decoding=\"async\" class=\"alignnone size-medium wp-image-440\" alt=\"Funk 019\" src=\"https:\/\/juergen.voja.net\/wordpress\/wp-content\/uploads\/Funk-019-300x200.jpg\" width=\"300\" height=\"200\" srcset=\"https:\/\/juergen.voja.net\/wordpress\/wp-content\/uploads\/Funk-019-300x200.jpg 300w, https:\/\/juergen.voja.net\/wordpress\/wp-content\/uploads\/Funk-019.jpg 720w\" sizes=\"(max-width: 300px) 100vw, 300px\" \/><\/a><\/p>\n","protected":false},"excerpt":{"rendered":"<p>Zur Zeit baue ich den SOLF Transceiver Am 24.12.2011 kam das P\u00e4ckchen an. Dann noch die Bauteile sortieren und nachz\u00e4hlen. Dann konnte gel\u00f6tet werden. Zuerst die SMD Bauteile und dann Baugruppe 1. &nbsp; Nun ist er fertig.<\/p>\n","protected":false},"author":1,"featured_media":271,"parent":0,"menu_order":4,"comment_status":"closed","ping_status":"closed","template":"","meta":{"footnotes":"","_links_to":"","_links_to_target":""},"class_list":["post-2","page","type-page","status-publish","has-post-thumbnail","hentry"],"_links":{"self":[{"href":"https:\/\/juergen.voja.net\/wordpress\/index.php?rest_route=\/wp\/v2\/pages\/2"}],"collection":[{"href":"https:\/\/juergen.voja.net\/wordpress\/index.php?rest_route=\/wp\/v2\/pages"}],"about":[{"href":"https:\/\/juergen.voja.net\/wordpress\/index.php?rest_route=\/wp\/v2\/types\/page"}],"author":[{"embeddable":true,"href":"https:\/\/juergen.voja.net\/wordpress\/index.php?rest_route=\/wp\/v2\/users\/1"}],"replies":[{"embeddable":true,"href":"https:\/\/juergen.voja.net\/wordpress\/index.php?rest_route=%2Fwp%2Fv2%2Fcomments&post=2"}],"version-history":[{"count":12,"href":"https:\/\/juergen.voja.net\/wordpress\/index.php?rest_route=\/wp\/v2\/pages\/2\/revisions"}],"predecessor-version":[{"id":814,"href":"https:\/\/juergen.voja.net\/wordpress\/index.php?rest_route=\/wp\/v2\/pages\/2\/revisions\/814"}],"wp:featuredmedia":[{"embeddable":true,"href":"https:\/\/juergen.voja.net\/wordpress\/index.php?rest_route=\/wp\/v2\/media\/271"}],"wp:attachment":[{"href":"https:\/\/juergen.voja.net\/wordpress\/index.php?rest_route=%2Fwp%2Fv2%2Fmedia&parent=2"}],"curies":[{"name":"wp","href":"https:\/\/api.w.org\/{rel}","templated":true}]}}