{"id":21,"date":"2011-12-31T22:03:41","date_gmt":"2011-12-31T22:03:41","guid":{"rendered":"http:\/\/juergen.voja.net\/wordpress\/?page_id=21"},"modified":"2024-08-14T12:10:37","modified_gmt":"2024-08-14T12:10:37","slug":"termine","status":"publish","type":"page","link":"https:\/\/juergen.voja.net\/wordpress\/?page_id=21","title":{"rendered":"Termine 2024"},"content":{"rendered":"<ul>\n<li>1. &#8211; 7.Januar Rheinland-Pfalz-Aktivit\u00e4tswoche<\/li>\n<li>08. Mai Aktivit\u00e4tsabend Rheinland-Pfalz 2m<\/li>\n<li>22. Mai Aktivit\u00e4tsabend Rheinland-Pfalz 70cm<\/li>\n<li>24. bis 26. Juni HAM-Radio Friedrichshafen<\/li>\n<li>21. August Aktivit\u00e4tsabend Rheinland-Pfalz 10m<\/li>\n<li>10. -12. September Weinheimer UKW-Tagung<\/li>\n<li>03. Oktober Aktivit\u00e4tsabend Rheinland-Pfalz 80m<\/li>\n<li>Ende November Flohmarkt Dortmund<\/li>\n<li>3. Woche Dezember Weihnachtsfeier K18<\/li>\n<\/ul>\n","protected":false},"excerpt":{"rendered":"<p>1. &#8211; 7.Januar Rheinland-Pfalz-Aktivit\u00e4tswoche 08. Mai Aktivit\u00e4tsabend Rheinland-Pfalz 2m 22. Mai Aktivit\u00e4tsabend Rheinland-Pfalz 70cm 24. bis 26. Juni HAM-Radio Friedrichshafen 21. August Aktivit\u00e4tsabend Rheinland-Pfalz 10m 10. -12. September Weinheimer UKW-Tagung 03. Oktober Aktivit\u00e4tsabend Rheinland-Pfalz 80m Ende November Flohmarkt Dortmund 3. &hellip; <a href=\"https:\/\/juergen.voja.net\/wordpress\/?page_id=21\">Weiterlesen <span class=\"meta-nav\">&rarr;<\/span><\/a><\/p>\n","protected":false},"author":1,"featured_media":0,"parent":0,"menu_order":8,"comment_status":"closed","ping_status":"closed","template":"","meta":{"footnotes":"","_links_to":"","_links_to_target":""},"class_list":["post-21","page","type-page","status-publish","hentry"],"_links":{"self":[{"href":"https:\/\/juergen.voja.net\/wordpress\/index.php?rest_route=\/wp\/v2\/pages\/21"}],"collection":[{"href":"https:\/\/juergen.voja.net\/wordpress\/index.php?rest_route=\/wp\/v2\/pages"}],"about":[{"href":"https:\/\/juergen.voja.net\/wordpress\/index.php?rest_route=\/wp\/v2\/types\/page"}],"author":[{"embeddable":true,"href":"https:\/\/juergen.voja.net\/wordpress\/index.php?rest_route=\/wp\/v2\/users\/1"}],"replies":[{"embeddable":true,"href":"https:\/\/juergen.voja.net\/wordpress\/index.php?rest_route=%2Fwp%2Fv2%2Fcomments&post=21"}],"version-history":[{"count":27,"href":"https:\/\/juergen.voja.net\/wordpress\/index.php?rest_route=\/wp\/v2\/pages\/21\/revisions"}],"predecessor-version":[{"id":895,"href":"https:\/\/juergen.voja.net\/wordpress\/index.php?rest_route=\/wp\/v2\/pages\/21\/revisions\/895"}],"wp:attachment":[{"href":"https:\/\/juergen.voja.net\/wordpress\/index.php?rest_route=%2Fwp%2Fv2%2Fmedia&parent=21"}],"curies":[{"name":"wp","href":"https:\/\/api.w.org\/{rel}","templated":true}]}}